{"id":509,"date":"2013-10-10T15:03:16","date_gmt":"2013-10-10T15:03:16","guid":{"rendered":"http:\/\/www.ds-crew.de\/?page_id=509"},"modified":"2015-07-14T14:38:12","modified_gmt":"2015-07-14T14:38:12","slug":"checkliste","status":"publish","type":"page","link":"https:\/\/ds-crew.de\/?page_id=509","title":{"rendered":"Checkliste"},"content":{"rendered":"<p><span style=\"color: #ff6600;\">Servus liebe Leut,<\/span><\/p>\n<p>&nbsp;<\/p>\n<p><span style=\"color: #ff6600;\">ich hab mich mal hinghockt und so \u00fcberlegt, was ich und meine Leute die letzten Jahre zum Biken, gerade auf Rennen, h\u00e4ufiger vermisst haben. Nachdem das ja des \u00d6fteren vorkam, hab ich jetzt mal eine Liste zusammengestellt.<\/span><\/p>\n<p><span style=\"color: #ff6600;\">Diese hat nat\u00fcrlich nicht den Anspruch auf Vollst\u00e4ndigkeit und ich freue mich \u00fcber Anregung!<\/span><\/p>\n<table border=\"0\" frame=\"VOID\" rules=\"NONE\" cellspacing=\"0\">\n<colgroup>\n<col width=\"86\" \/>\n<col width=\"86\" \/>\n<col width=\"86\" \/>\n<col width=\"86\" \/>\n<col width=\"86\" \/>\n<col width=\"86\" \/>\n<col width=\"86\" \/>\n<col width=\"86\" \/><\/colgroup>\n<tbody>\n<tr>\n<td align=\"LEFT\" width=\"86\" height=\"17\"><span style=\"color: #ff6600;\">Ausr\u00fcstung:<\/span><\/td>\n<td align=\"LEFT\" width=\"86\"><span style=\"color: #ff6600;\">Hygiene:<\/span><\/td>\n<td align=\"LEFT\" width=\"86\"><span style=\"color: #ff6600;\">Camping:<\/span><\/td>\n<td align=\"LEFT\" width=\"86\"><span style=\"color: #ff6600;\">Bike:<\/span><\/td>\n<td align=\"LEFT\" width=\"86\"><span style=\"color: #ff6600;\">Media:<\/span><\/td>\n<td align=\"LEFT\" width=\"86\"><span style=\"color: #ff6600;\">N\u00fctzliches<\/span><\/td>\n<td align=\"LEFT\" width=\"86\"><span style=\"color: #ff6600;\">Health:<\/span><\/td>\n<td align=\"LEFT\" width=\"86\"><span style=\"color: #ff6600;\">Verpflegung<\/span><\/td>\n<\/tr>\n<tr>\n<td align=\"LEFT\" height=\"17\"><\/td>\n<td align=\"LEFT\"><\/td>\n<td align=\"LEFT\"><\/td>\n<td align=\"LEFT\"><\/td>\n<td align=\"LEFT\"><\/td>\n<td align=\"LEFT\"><\/td>\n<td align=\"LEFT\"><\/td>\n<td align=\"LEFT\"><\/td>\n<\/tr>\n<tr>\n<td align=\"LEFT\" height=\"17\"><span style=\"color: #ff6600;\">Jersey<\/span><\/td>\n<td align=\"LEFT\"><span style=\"color: #ff6600;\">Waschbeutel<\/span><\/td>\n<td align=\"LEFT\"><span style=\"color: #ff6600;\">Tisch<\/span><\/td>\n<td align=\"LEFT\"><span style=\"color: #ff6600;\">Werkzeug<\/span><\/td>\n<td align=\"LEFT\"><span style=\"color: #ff6600;\">Camera<\/span><\/td>\n<td align=\"LEFT\"><span style=\"color: #ff6600;\">Zeitung<\/span><\/td>\n<td align=\"LEFT\"><span style=\"color: #ff6600;\">Tape<\/span><\/td>\n<td align=\"LEFT\"><span style=\"color: #ff6600;\">Wasser<\/span><\/td>\n<\/tr>\n<tr>\n<td align=\"LEFT\" height=\"17\"><span style=\"color: #ff6600;\">Pants<\/span><\/td>\n<td align=\"LEFT\"><span style=\"color: #ff6600;\">Duschgel<\/span><\/td>\n<td align=\"LEFT\"><span style=\"color: #ff6600;\">Stuhl<\/span><\/td>\n<td align=\"LEFT\"><span style=\"color: #ff6600;\">Erstazteile<\/span><\/td>\n<td align=\"LEFT\"><span style=\"color: #ff6600;\">Laptop<\/span><\/td>\n<td align=\"LEFT\"><span style=\"color: #ff6600;\">Gummistiefel<\/span><\/td>\n<td align=\"LEFT\"><span style=\"color: #ff6600;\">Pflaster<\/span><\/td>\n<td align=\"LEFT\"><span style=\"color: #ff6600;\">Riegel<\/span><\/td>\n<\/tr>\n<tr>\n<td align=\"LEFT\" height=\"17\"><span style=\"color: #ff6600;\">Helm<\/span><\/td>\n<td align=\"LEFT\"><span style=\"color: #ff6600;\">Shampoo<\/span><\/td>\n<td align=\"LEFT\"><span style=\"color: #ff6600;\">Kocher<\/span><\/td>\n<td align=\"LEFT\"><span style=\"color: #ff6600;\">Schlo\u00df<\/span><\/td>\n<td align=\"LEFT\"><\/td>\n<td align=\"LEFT\"><span style=\"color: #ff6600;\">Schirm<\/span><\/td>\n<td align=\"LEFT\"><span style=\"color: #ff6600;\">Schere<\/span><\/td>\n<td align=\"LEFT\"><span style=\"color: #ff6600;\">M\u00fcsli<\/span><\/td>\n<\/tr>\n<tr>\n<td align=\"LEFT\" height=\"17\"><span style=\"color: #ff6600;\">Ersatzhelm<\/span><\/td>\n<td align=\"LEFT\"><span style=\"color: #ff6600;\">Waschlappen<\/span><\/td>\n<td align=\"LEFT\"><span style=\"color: #ff6600;\">Topf<\/span><\/td>\n<td align=\"LEFT\"><span style=\"color: #ff6600;\">Radpflege<\/span><\/td>\n<td align=\"LEFT\"><\/td>\n<td align=\"LEFT\"><span style=\"color: #ff6600;\">Spanngurte<\/span><\/td>\n<td align=\"LEFT\"><span style=\"color: #ff6600;\">Sonnencreme<\/span><\/td>\n<td align=\"LEFT\"><span style=\"color: #ff6600;\">Getr\u00e4nke<\/span><\/td>\n<\/tr>\n<tr>\n<td align=\"LEFT\" height=\"17\"><span style=\"color: #ff6600;\">Brillen<\/span><\/td>\n<td align=\"LEFT\"><span style=\"color: #ff6600;\">Zahnb\u00fcrste<\/span><\/td>\n<td align=\"LEFT\"><span style=\"color: #ff6600;\">Geschirr<\/span><\/td>\n<td align=\"LEFT\"><\/td>\n<td align=\"LEFT\"><\/td>\n<td align=\"LEFT\"><span style=\"color: #ff6600;\">Ausweis<\/span><\/td>\n<td align=\"LEFT\"><span style=\"color: #ff6600;\">Arnica C 200<\/span><\/td>\n<td align=\"LEFT\"><span style=\"color: #ff6600;\">Konserven<\/span><\/td>\n<\/tr>\n<tr>\n<td align=\"LEFT\" height=\"17\"><span style=\"color: #ff6600;\">Protektoren<\/span><\/td>\n<td align=\"LEFT\"><span style=\"color: #ff6600;\">Zahnpasta<\/span><\/td>\n<td align=\"LEFT\"><span style=\"color: #ff6600;\">Besteck<\/span><\/td>\n<td align=\"LEFT\"><\/td>\n<td align=\"LEFT\"><\/td>\n<td align=\"LEFT\"><span style=\"color: #ff6600;\">Panzertape<\/span><\/td>\n<td align=\"LEFT\"><span style=\"color: #ff6600;\">Verband<\/span><\/td>\n<td align=\"LEFT\"><span style=\"color: #ff6600;\">Obst<\/span><\/td>\n<\/tr>\n<tr>\n<td align=\"LEFT\" height=\"17\"><span style=\"color: #ff6600;\">Bikeschuhe<\/span><\/td>\n<td align=\"LEFT\"><span style=\"color: #ff6600;\">Feuchtt\u00fccher<\/span><\/td>\n<td align=\"LEFT\"><span style=\"color: #ff6600;\">Kanister<\/span><\/td>\n<td align=\"LEFT\"><\/td>\n<td align=\"LEFT\"><\/td>\n<td align=\"LEFT\"><\/td>\n<td align=\"LEFT\"><span style=\"color: #ff6600;\">Kompressen<\/span><\/td>\n<td align=\"LEFT\"><\/td>\n<\/tr>\n<tr>\n<td align=\"LEFT\" height=\"17\"><span style=\"color: #ff6600;\">Regenjacke<\/span><\/td>\n<td align=\"LEFT\"><span style=\"color: #ff6600;\">Deo<\/span><\/td>\n<td align=\"LEFT\"><span style=\"color: #ff6600;\">Sp\u00fclsch\u00fcssel<\/span><\/td>\n<td align=\"LEFT\"><\/td>\n<td align=\"LEFT\"><\/td>\n<td align=\"LEFT\"><\/td>\n<td align=\"LEFT\"><span style=\"color: #ff6600;\">Sportsalbe<\/span><\/td>\n<td align=\"LEFT\"><\/td>\n<\/tr>\n<tr>\n<td align=\"LEFT\" height=\"17\"><span style=\"color: #ff6600;\">Regenhose<\/span><\/td>\n<td align=\"LEFT\"><span style=\"color: #ff6600;\">Handtuch<\/span><\/td>\n<td align=\"LEFT\"><span style=\"color: #ff6600;\">Geschirrtuch<\/span><\/td>\n<td align=\"LEFT\"><\/td>\n<td align=\"LEFT\"><\/td>\n<td align=\"LEFT\"><\/td>\n<td align=\"LEFT\"><span style=\"color: #ff6600;\">Coolpack<\/span><\/td>\n<td align=\"LEFT\"><\/td>\n<\/tr>\n<tr>\n<td align=\"LEFT\" height=\"17\"><span style=\"color: #ff6600;\">Abrei\u00dfvisir<\/span><\/td>\n<td align=\"LEFT\"><span style=\"color: #ff6600;\">Badelatschen<\/span><\/td>\n<td align=\"LEFT\"><span style=\"color: #ff6600;\">K\u00fcchenrolle<\/span><\/td>\n<td align=\"LEFT\"><\/td>\n<td align=\"LEFT\"><\/td>\n<td align=\"LEFT\"><\/td>\n<td align=\"LEFT\"><span style=\"color: #ff6600;\">Desinfektion<\/span><\/td>\n<td align=\"LEFT\"><\/td>\n<\/tr>\n<tr>\n<td align=\"LEFT\" height=\"17\"><\/td>\n<td align=\"LEFT\"><span style=\"color: #ff6600;\">Klopapier<\/span><\/td>\n<td align=\"LEFT\"><span style=\"color: #ff6600;\">M\u00fclls\u00e4cke<\/span><\/td>\n<td align=\"LEFT\"><\/td>\n<td align=\"LEFT\"><\/td>\n<td align=\"LEFT\"><\/td>\n<td align=\"LEFT\"><\/td>\n<td align=\"LEFT\"><\/td>\n<\/tr>\n<tr>\n<td align=\"LEFT\" height=\"17\"><\/td>\n<td align=\"LEFT\"><span style=\"color: #ff6600;\">Taschentuch<\/span><\/td>\n<td align=\"LEFT\"><span style=\"color: #ff6600;\">Plane<\/span><\/td>\n<td align=\"LEFT\"><\/td>\n<td align=\"LEFT\"><\/td>\n<td align=\"LEFT\"><\/td>\n<td align=\"LEFT\"><\/td>\n<td align=\"LEFT\"><\/td>\n<\/tr>\n<tr>\n<td align=\"LEFT\" height=\"17\"><\/td>\n<td align=\"LEFT\"><span style=\"color: #ff6600;\">Zahnseide<\/span><\/td>\n<td align=\"LEFT\"><span style=\"color: #ff6600;\">Heringe<\/span><\/td>\n<td align=\"LEFT\"><\/td>\n<td align=\"LEFT\"><\/td>\n<td align=\"LEFT\"><\/td>\n<td align=\"LEFT\"><\/td>\n<td align=\"LEFT\"><\/td>\n<\/tr>\n<tr>\n<td align=\"LEFT\" height=\"17\"><\/td>\n<td align=\"LEFT\"><\/td>\n<td align=\"LEFT\"><span style=\"color: #ff6600;\">Pavillion<\/span><\/td>\n<td align=\"LEFT\"><\/td>\n<td align=\"LEFT\"><\/td>\n<td align=\"LEFT\"><\/td>\n<td align=\"LEFT\"><\/td>\n<td align=\"LEFT\"><\/td>\n<\/tr>\n<tr>\n<td align=\"LEFT\" height=\"17\"><\/td>\n<td align=\"LEFT\"><\/td>\n<td align=\"LEFT\"><span style=\"color: #ff6600;\">Auffahrkeile<\/span><\/td>\n<td align=\"LEFT\"><\/td>\n<td align=\"LEFT\"><\/td>\n<td align=\"LEFT\"><\/td>\n<td align=\"LEFT\"><\/td>\n<td align=\"LEFT\"><\/td>\n<\/tr>\n<tr>\n<td align=\"LEFT\" height=\"17\"><\/td>\n<td align=\"LEFT\"><\/td>\n<td align=\"LEFT\"><span style=\"color: #ff6600;\">Generator<\/span><\/td>\n<td align=\"LEFT\"><\/td>\n<td align=\"LEFT\"><\/td>\n<td align=\"LEFT\"><\/td>\n<td align=\"LEFT\"><\/td>\n<td align=\"LEFT\"><\/td>\n<\/tr>\n<tr>\n<td align=\"LEFT\" height=\"17\"><\/td>\n<td align=\"LEFT\"><\/td>\n<td align=\"LEFT\"><span style=\"color: #ff6600;\">Schlafsack<\/span><\/td>\n<td align=\"LEFT\"><\/td>\n<td align=\"LEFT\"><\/td>\n<td align=\"LEFT\"><\/td>\n<td align=\"LEFT\"><\/td>\n<td align=\"LEFT\"><\/td>\n<\/tr>\n<tr>\n<td align=\"LEFT\" height=\"17\"><\/td>\n<td align=\"LEFT\"><\/td>\n<td align=\"LEFT\"><span style=\"color: #ff6600;\">Kopfkissen<\/span><\/td>\n<td align=\"LEFT\"><\/td>\n<td align=\"LEFT\"><\/td>\n<td align=\"LEFT\"><\/td>\n<td align=\"LEFT\"><\/td>\n<td align=\"LEFT\"><\/td>\n<\/tr>\n<tr>\n<td align=\"LEFT\" height=\"17\"><\/td>\n<td align=\"LEFT\"><\/td>\n<td align=\"LEFT\"><span style=\"color: #ff6600;\">Hammer<\/span><\/td>\n<td align=\"LEFT\"><\/td>\n<td align=\"LEFT\"><\/td>\n<td align=\"LEFT\"><\/td>\n<td align=\"LEFT\"><\/td>\n<td align=\"LEFT\"><\/td>\n<\/tr>\n<tr>\n<td align=\"LEFT\" height=\"17\"><\/td>\n<td align=\"LEFT\"><\/td>\n<td align=\"LEFT\"><span style=\"color: #ff6600;\">W\u00e4scheleine<\/span><\/td>\n<td align=\"LEFT\"><\/td>\n<td align=\"LEFT\"><\/td>\n<td align=\"LEFT\"><\/td>\n<td align=\"LEFT\"><\/td>\n<td align=\"LEFT\"><\/td>\n<\/tr>\n<tr>\n<td align=\"LEFT\" height=\"17\"><\/td>\n<td align=\"LEFT\"><\/td>\n<td align=\"LEFT\"><span style=\"color: #ff6600;\">Schnur<\/span><\/td>\n<td align=\"LEFT\"><\/td>\n<td align=\"LEFT\"><\/td>\n<td align=\"LEFT\"><\/td>\n<td align=\"LEFT\"><\/td>\n<td align=\"LEFT\"><\/td>\n<\/tr>\n<\/tbody>\n<\/table>\n<p>&nbsp;<\/p>\n<p>&nbsp;<\/p>\n<p><span style=\"color: #ff6600;\">Also wer noch Ideen hat, nur her damit!<\/span><\/p>\n<p><span style=\"color: #ff6600;\">Wer diese Liste als Tabelle gerne h\u00e4tte kann mich kontaktieren und bekommt sie dann per Mail zugeschickt.<\/span><\/p>\n<p>&nbsp;<\/p>\n<p><span style=\"color: #ff6600;\">Cheers<\/span><\/p>\n<p>&nbsp;<\/p>\n<p><span style=\"color: #ff6600;\">Philip<\/span><\/p>\n","protected":false},"excerpt":{"rendered":"<p>Servus liebe Leut, &nbsp; ich hab mich mal hinghockt und so \u00fcberlegt, was ich und meine Leute die letzten Jahre zum Biken, gerade auf Rennen, h\u00e4ufiger vermisst haben. Nachdem das ja des \u00d6fteren vorkam, hab ich jetzt mal eine Liste zusammengestellt. Diese hat nat\u00fcrlich nicht den Anspruch auf Vollst\u00e4ndigkeit und ich freue mich \u00fcber Anregung! [&hellip;]<\/p>\n","protected":false},"author":1,"featured_media":0,"parent":0,"menu_order":0,"comment_status":"open","ping_status":"open","template":"","meta":{"footnotes":""},"class_list":["post-509","page","type-page","status-publish","hentry"],"_links":{"self":[{"href":"https:\/\/ds-crew.de\/index.php?rest_route=\/wp\/v2\/pages\/509","targetHints":{"allow":["GET"]}}],"collection":[{"href":"https:\/\/ds-crew.de\/index.php?rest_route=\/wp\/v2\/pages"}],"about":[{"href":"https:\/\/ds-crew.de\/index.php?rest_route=\/wp\/v2\/types\/page"}],"author":[{"embeddable":true,"href":"https:\/\/ds-crew.de\/index.php?rest_route=\/wp\/v2\/users\/1"}],"replies":[{"embeddable":true,"href":"https:\/\/ds-crew.de\/index.php?rest_route=%2Fwp%2Fv2%2Fcomments&post=509"}],"version-history":[{"count":6,"href":"https:\/\/ds-crew.de\/index.php?rest_route=\/wp\/v2\/pages\/509\/revisions"}],"predecessor-version":[{"id":544,"href":"https:\/\/ds-crew.de\/index.php?rest_route=\/wp\/v2\/pages\/509\/revisions\/544"}],"wp:attachment":[{"href":"https:\/\/ds-crew.de\/index.php?rest_route=%2Fwp%2Fv2%2Fmedia&parent=509"}],"curies":[{"name":"wp","href":"https:\/\/api.w.org\/{rel}","templated":true}]}}