{"id":429,"date":"2012-09-05T19:06:28","date_gmt":"2012-09-05T19:06:28","guid":{"rendered":"http:\/\/www.ds-crew.de\/?page_id=429"},"modified":"2015-07-14T14:37:47","modified_gmt":"2015-07-14T14:37:47","slug":"norwegen","status":"publish","type":"page","link":"https:\/\/ds-crew.de\/?page_id=429","title":{"rendered":"Norwegen"},"content":{"rendered":"<p><span style=\"color: #ff6600;\">DS-Crew on Tour<\/span><\/p>\n<p>&nbsp;<\/p>\n<p><span style=\"color: #ff6600;\">Roadtrip \u2013 Au Jaaaa!! Wohin? Hmmmm? Norwegen!? \u2013 HAMMER!!!!!<\/span><\/p>\n<p>&nbsp;<\/p>\n<p><span style=\"color: #ff6600;\">Freitag 10.8.12 gings dann, nach gr\u00fcndlicher Planung und vollgepackt los. Zwar mit ordentlich Versp\u00e4tung, da die Elektronik der Anh\u00e4ngerkupplung repariert werden wollte \u2013 Dauerplus ham wir immer noch ned gefunden! Im Auto 4 Erwachsene, 1 Kind, 4 DH Bikes. Im Wohnwagen Proviant und alkoholische Getr\u00e4nke f\u00fcr 3 Wochen.<\/span><\/p>\n<p><span style=\"color: #ff6600;\">Mitten in der Nacht durften wir dann noch einen Wohnmobilstellplatz in Hamburg suchen (das bietet sich \u00fcbrigens auch in den andern L\u00e4ndern an, wenn man etwas Geld sparen m\u00f6chte!)<\/span><\/p>\n<p><span style=\"color: #ff6600;\">Nach einem Tag Hamburg, gings dann nach Hirtshals D\u00e4nemark von wo wir, bei Kaiserwetter, die F\u00e4hre nach Kristiansand nahmen. Eine Nacht hier im S\u00fcden gen\u00fcgte, da der erste Tag in Norwegen regnerisch begann. Es folgte wieder ein Eintagesm\u00f6rderkilometervernichtungstag entlang herrlichster norwegentypischer Landschaft. Fjorde hier und da, Berge, karge Hochebenen, atemberaubende Wasserf\u00e4lle. Stop war dann in Geil (gesprochen \u201eJeilo\u201c), da wir hier den PinkPark vermuteten. Dieser ist aber leider seit etwa 3 Jahren geschlossen. Als Ersatz entsteht gerade auf der anderen Seite ein neues Parkareal mit Klettergarten, Spielplatz etc. Namens \u201eGeilolila\u201c.<\/span><\/p>\n<p><span style=\"color: #ff6600;\">Nachdem in Geilo f\u00fcr uns nichts zu holen war, ging es sofort weiter nach Hemsedal. Erneut durch fantastische Landschaft, gem\u00fctliche D\u00f6rfchen und alten Stabkirchen.<\/span><\/p>\n<p><span style=\"color: #ff6600;\">In Hemsedal angekommen wurden sogleich die Bikes aufgebaut und ein 2 Tagespass gekauft. Nach der ersten Abfahrt gab es erst mal etwas lange Gesichter, da die Einstiegsstrecke nicht so wirklich flowen wollte, dies \u00e4nderte sich jedoch mit der 2ten Runde. Hemsedal bietet 3 offizielle Strecken. Von leicht bis schwer ist f\u00fcr jeden etwas dabei und wenn man Gl\u00fcck hat und mit einem der Lokals etwas socialized, bekommt man evtl. den ein oder anderen Hometrail gezeigt. Generell bietet Hemsedal recht steiles, steiniges und wurzeliges Terrain und es dauert etwas bis man die Strecken wei\u00df und den Flow gefunden hat.. Die Trailpflege, v.a. der Anf\u00e4ngerstrecke, lies etwas zu w\u00fcnschen \u00fcbrig, was wohl an der kleinen Crew von 3 Lokals und der mangelnden Unterst\u00fctzung seitens des Resort liegt.<\/span><\/p>\n<p><span style=\"color: #ff6600;\">Nach 2 Tagen Hemsedal packten spielten wir wieder Biketetris und begaben uns, voller Vorfreude auf das n\u00e4chste Ziel, nach Hafjell. Ich muss nicht erneut erw\u00e4hnen durch welch wundersch\u00f6nes Land wir fahren durften. Man k\u00f6nnte es Elk\u00b4s Delight nennen. Leider bekamen wir erneut keines dieser Gesch\u00f6pfe zu Gesicht.<\/span><\/p>\n<p><span style=\"color: #ff6600;\">In Hafjell angekommen wussten wir, von Johnny the German gesteckt, dass es hinter der Station einen Gipsy Campingplatz gibt. Im Augenblick Motor abgestellt und neben den Spartanennorweger geparkt, kam sogleich ein Vertreter des Parks zu uns r\u00fcber, der gerade mit einer Gruppe Offizieller von der WC Streckenbegehung kam. \u201e Mist, man muss sich wohl doch erst anmelden, erst mal blechen!\u201c Nix da! \u201eHey Leute, da an der BBQ Station ist Strom, der l\u00e4uft aber nur 30 Minuten, zapft dort am Kasten an, der geht durchgehend. Duschen sind von 7 bis 21 Uhr offen! Welcome to Hafjell!\u201c<\/span><\/p>\n<p><span style=\"color: #ff6600;\">Wow \u2013 zu dem was man vom Park gesehen hat noch ein kostenloser Stellplatz mit Strom und Dusche 4 Free obendrauf und bei diesen Optionen gerade mal 3 andere Gruppen von Bikern. Gleich Abends noch die Bikes aufgebaut um am n\u00e4chsten Tag sofort auf die Trails zu starten.<\/span><\/p>\n<p><span style=\"color: #ff6600;\">Erste Etage Gondel, dann gleich mal Parkloypa runter zum Sessel und hoch zum Einstieg von Tracks wie Moe Town, NC DH, Buldre und Gressloypa und am Ende von Moe Town in den oberen Teil Rollercoaster. Strecken f\u00fcr Jedermann mit viel Flow und einem hohen Ma\u00df an Sicherheit!<\/span><\/p>\n<p><span style=\"color: #ff6600;\">Leider kostet das Steinfeld in Rabolstien mich einen Abstieg, was meiner Schulter nicht zutr\u00e4glich war und ich musste mir die ruppigeren DH Tracks und die WC Spr\u00fcnge sparen, aber es gab zum Gl\u00fcck ja jede Menge anderer Trails in Top Zustand.<\/span><\/p>\n<p><span style=\"color: #ff6600;\">Wenn dann noch am Abend pl\u00f6tzlich einer von den anderen Campern bei einem steht und meint: \u201eHabt ihr Bock heut Abend mit zu grillen. Vom Max der Onkel is Metzger und hat uns Fleisch mariniert und eingelegt. Wir haben 200gr Fleisch pro Person\/Tag gerechnet und haben noch paar Kilo \u00fcber!\u201c , dann hat man echt Schwein (und Rind) und ne sch\u00f6ne German BBQ Session gehabt.<\/span><\/p>\n<p><span style=\"color: #ff6600;\">Danke an Max, Christoph, Rene und Holger f\u00fcr den geselligen Abend!<\/span><\/p>\n<p><span style=\"color: #ff6600;\">Leider erreichten wir Hafjell zum Ende der norwegischen Schulferien, was bedeutet, dass der Park dann unter der Woche geschlossen ist.<\/span><\/p>\n<p><span style=\"color: #ff6600;\">Weiter ging es \u00fcber Lillehammer nach Oslo. Leider spielt das Wetter hier nicht so mit, dass man von der Stadt an sich, zu wenig Impressionen sammeln konnte. Aber da hatten wir doch noch ein paar Trails im Internet gefunden. Also Bikes aus der Karre, aufgebaut, mit dem Bus ein St\u00fcck den Berg rauf, durch Zufall eine Bewohnerin der Wohnungen dort nach dem Weg gefragt und die letzten H\u00f6henmeter mit dem Aufzug zur\u00fcckgelegt, dann noch ein paar Stationen mit der U-Bahn Nr.1 und man ist oben am Einstieg zu den Trails. Es zeigte sich wieder, dass sich Socializen auszahlt und wir fanden erneut einen Lokal der uns diese flowigen, waldigen und naturbelassenen Trails, die hier und da mit Drops und Spr\u00fcngen garniert sind, zeigte. Trotz der N\u00e4sse vom Vortag boten die Trails guten Grip.<\/span><\/p>\n<p><span style=\"color: #ff6600;\">Nachdem H\u00f6hepunkt Hafjell und der \u00dcberraschung Frognerseteren Trails waren die Erwartungen an Drammen, 30 Minuten entfernt von Oslo, nicht sehr hoch.<\/span><\/p>\n<p><span style=\"color: #ff6600;\">Drammen ist ein eher gem\u00fctliches Vorst\u00e4dtchen von Oslo und bietet viel Potenzial f\u00fcr Wanderer und Skifahrer. Das bedeutet nat\u00fcrlich auch \u2013 hier gibt\u2019s einen Park und Trails.<\/span><\/p>\n<p><span style=\"color: #ff6600;\">Schon am ersten Tag erklommen wir den Berg zu Fu\u00df, da auch hier der Liftbetrieb nicht die ganze Woche l\u00e4uft, und erkannten die unglaubliche Vielf\u00e4ltigkeit des Gel\u00e4nde. Steile Steinpassagen, eher klein gehaltene Anlieger, viel Wurzelwerk weckten die Vorfreude auf den n\u00e4chsten Tag.<\/span><\/p>\n<p><span style=\"color: #ff6600;\">Noch von unsrem Lokal aus Oslo lag uns der Trail 113 (in Norwegen die Notrufnummer) in den Ohren und nachdem es noch trocken war, wollten wir diesen als erstes angehen. Hier wechseln sich steile Holzleitern, h\u00e4ngende Felsen und Drops ab. Die ehemalige NC DH Strecke, die auch 4 mal im Jahr f\u00fcr eine Dramenrennserie genutzt wird, bietet alles was des Racers Herz h\u00f6her schlagen l\u00e4sst. Drammen ist dann doch eher der Park f\u00fcr die fortgeschrittenere, es soll aber im kommenden Jahr ein \u201emaschine build\u201c Track f\u00fcr alle K\u00f6nnensstufen folgen.<\/span><\/p>\n<p><span style=\"color: #ff6600;\">Mit Drammen war leider schon der Heimweh eingel\u00e4utet. G\u00f6teborg und Kopenhagen rundeten nun diesen gelungenen Roadtrip ab.<\/span><\/p>\n<p><span style=\"color: #ff6600;\">In Norwegen findete jeder Typ von Biker sein Wunschterrain und f\u00fcr Gravityjunkies bietet es auch etliche Parks f\u00fcr alle K\u00f6nnensstufen.<\/span><\/p>\n<p>&nbsp;<\/p>\n<p><span style=\"color: #ff6600;\">Videos: http:\/\/videos.mtb-news.de\/\/videos\/view\/23725<\/span><\/p>\n<p><span style=\"color: #ff6600;\">\u00a0 \u00a0 \u00a0 \u00a0 \u00a0 \u00a0 \u00a0 \u00a0http:\/\/videos.mtb-news.de\/\/videos\/view\/23396<\/span><\/p>\n<p><span style=\"color: #ff6600;\">\u00a0 \u00a0 \u00a0 \u00a0 \u00a0 \u00a0 \u00a0 \u00a0http:\/\/videos.mtb-news.de\/\/videos\/view\/23390<\/span><\/p>\n<p><span style=\"color: #ff6600;\">\u00a0 \u00a0 \u00a0 \u00a0 \u00a0 \u00a0 \u00a0 \u00a0http:\/\/videos.mtb-news.de\/\/videos\/view\/23382<\/span><\/p>\n<p><span style=\"color: #ff6600;\">\u00a0 \u00a0 \u00a0 \u00a0 \u00a0 \u00a0 \u00a0 \u00a0http:\/\/videos.mtb-news.de\/\/videos\/view\/23378<\/span><\/p>\n<p><span style=\"color: #ff6600;\">Hier noch ein paar n\u00fctzliche Infos:<\/span><\/p>\n<p>&nbsp;<\/p>\n<p><span style=\"color: #ff6600;\">-Es rentiert sich eine Keycard f\u00fcr den Liftpass selber mit zu bringen (jeder hat wahrscheinliche etliche vom letzten Bike oder Skitag rumliegen), da alles Parks ein Pfand erheben, welches nicht in voller H\u00f6he zur\u00fcckerstattet wird.<\/span><\/p>\n<p>&nbsp;<\/p>\n<p><span style=\"color: #ff6600;\">-Ersatzmaterial einpacken, so viel wie m\u00f6glich, da unbezahlbar in Norwegen.<\/span><\/p>\n<p>&nbsp;<\/p>\n<p><span style=\"color: #ff6600;\">-Alkvorr\u00e4te maximal ausnutzen, da wie Tabakwaren, schier unbezahlbar. Hier mal ein paar Varianten:<\/span><\/p>\n<p><span style=\"color: #ff6600;\">Bei der zollfreien Einfuhr von Alkohol nach Norwegen sind folgende Kombinationen m\u00f6glich (pro Person \u00fcber 18 Jahre, \u00fcber 20 Jahre f\u00fcr Alkohol von mehr als 22 Volumenprozent):<\/span><\/p>\n<p><span style=\"color: #ff6600;\">1 Liter alkoholische Getr\u00e4nke mit einem Alkoholgehalt von mehr als 22 Volumenprozent bis h\u00f6chstens 60 Volumenprozent, 1 1\/2 Liter andere alkoholische Getr\u00e4nke mit einem Alkoholgehalt von mehr als 4,7 Volumenprozent bis h\u00f6chstens 22 Volumenprozent (z.B. Wein) und 2 Liter andere alkoholische Getr\u00e4nke mit einem Alkoholgehalt von mehr als 2,5 Volumenprozent bis h\u00f6chstens 4,7 Volumenprozent (z.B. Bier).<\/span><\/p>\n<p><span style=\"color: #ff6600;\">oder<\/span><\/p>\n<p><span style=\"color: #ff6600;\">3 Liter alkoholische Getr\u00e4nke mit einem Alkoholgehalt von mehr als 4,7 Volumenprozent bis h\u00f6chstens 22 Volumenprozent und 2 Liter alkoholische Getr\u00e4nke mit einem Alkoholgehalt von mehr als 2,5 Volumenprozent bis h\u00f6chstens 4,7 Volumenprozent.<\/span><\/p>\n<p><span style=\"color: #ff6600;\">oder<\/span><\/p>\n<p><span style=\"color: #ff6600;\">1,5 Liter alkoholische Getr\u00e4nke mit einem Alkoholgehalt von mehr als 4,7 Volumenprozent bis h\u00f6chstens 22 Volumenprozent und 3,5 Liter alkoholische Getr\u00e4nke mit einem Alkoholgehalt von mehr als 2,5 Volumenprozent bis h\u00f6chstens 4,7 Volumenprozent.<\/span><\/p>\n<p><span style=\"color: #ff6600;\">oder<\/span><\/p>\n<p><span style=\"color: #ff6600;\">5 Liter alkoholische Getr\u00e4nke mit einem Alkoholgehalt von mehr als 2,5 Volumenprozent bis h\u00f6chstens 4,7 Volumenprozent.<\/span><\/p>\n<p><span style=\"color: #ff6600;\">Alkoholische Getr\u00e4nke, die einen Alkoholgehalt bis einschlie\u00dflich 2,5 Volumenprozent enthalten, sind nicht von diesen Regelungen betroffen.<\/span><\/p>\n<p>&nbsp;<\/p>\n<p><span style=\"color: #ff6600;\">-In Norwegen ist die Bezahlung mit Kreditkarte durchaus \u00fcblich, PIN nicht vergessen!<\/span><\/p>\n<p>&nbsp;<\/p>\n<p><span style=\"color: #ff6600;\">-Das Jedermannsrecht hat immer noch G\u00fcltigkeit und besagt, dass jeder auch Privatgrund betreten darf. Somit darf man mit seinem Gef\u00e4hrt so gut wie \u00fcberall f\u00fcr 48 Std. n\u00e4chtigen. Man muss aber einen Mindestabstand von 150m zum n\u00e4chsten Haus einhalten.<\/span><\/p>\n<p><span style=\"color: #ff6600;\">Das spart einiges an Geld, da man den Campingplatz nicht ben\u00f6tigt. Und baden kann man dann auch mal in einem der eiskalten B\u00e4che (Kernseife verwenden!)<\/span><\/p>\n<p>&nbsp;<\/p>\n<p><span style=\"color: #ff6600;\">-An Campingpl\u00e4tzen kostet Strom immer extra. Duschen kosten meist auch 5-10 Kronen f\u00fcr etwa 5 Minuten. Erfragen ob mit Abschaltm\u00f6glichkeit oder ob Zeit durchl\u00e4uft!<\/span><\/p>\n<p>&nbsp;<\/p>\n<p><span style=\"color: #ff6600;\">-Nach Norwegen, gerade in der Ferienzeit, unbedingt F\u00e4hre buchen. Auf dem R\u00fcckweg muss man die kurzen Strecken, die st\u00fcndlich fahren, nicht unbedingt buchen.<\/span><\/p>\n<p>&nbsp;<\/p>\n<p><span style=\"color: #ff6600;\">-Bei den Planungen zu den Bikeparks in Norwegen tut man sich echt schwer, da wenige eine vern\u00fcnftige Internetpr\u00e4senz haben, daher hier noch, \u00fcber was wir gestolpert sind:<\/span><\/p>\n<p>&nbsp;<\/p>\n<p><span style=\"color: #ff6600;\">Bikestrecke in Evje (\u00dcbungsstrecke f\u00fcr absolute Anf\u00e4nger und Kinder)<\/span><\/p>\n<p><span style=\"color: #ff6600;\">Bikepark Hovden (2 Strecken)<\/span><\/p>\n<p><span style=\"color: #ff6600;\">Bikepark Geilo (ensteht gerade, momentan wohl eher Anf\u00e4ngerstrecke)<\/span><\/p>\n<p><span style=\"color: #ff6600;\">Hemsedal (Strecken von leicht bis schwer, lokal Trails)<\/span><\/p>\n<p><span style=\"color: #ff6600;\">Hafjell (wirklich das Whistler Europa\u00b4s)<\/span><\/p>\n<p><span style=\"color: #ff6600;\">Oslo (Frognerseteren, Endstation T-Bahn Linie 1 Richtung Holmenkollen)<\/span><\/p>\n<p><span style=\"color: #ff6600;\">Bikepark Holmenkollen (neu seit 2012, lediglich 3 Brechsandstrecken. Es sollen aber noch neue kommen)<\/span><\/p>\n<p><span style=\"color: #ff6600;\">Bikepark Drammen (eher f\u00fcr Fortgeschrittene, Strecke Woodstock noch nicht fertig und es kommen noch Jedermannstrecken)<\/span><\/p>\n<p>&nbsp;<\/p>\n<p>&nbsp;<\/p>\n<p><span style=\"color: #ff6600;\">So schnell gehen 3 Wochen, 4400km und n paar Biketage rum!<\/span><\/p>\n<p><span style=\"color: #ff6600;\">Ich hoffe es ist der ein oder andere n\u00fctzliche Tipp f\u00fcr Euch dabei und Ihr habt einen kurzen Eindruck vom Potenzial Norwegens erhalten.<\/span><\/p>\n<p>&nbsp;<\/p>\n<p><span style=\"color: #ff6600;\">Cheers<\/span><\/p>\n<p>&nbsp;<\/p>\n<p><span style=\"color: #ff6600;\">Philip<\/span><\/p>\n<p><span style=\"color: #ff00ff;\"><br \/>\n<\/span><\/p>\n<p>&nbsp;<\/p>\n","protected":false},"excerpt":{"rendered":"<p>DS-Crew on Tour &nbsp; Roadtrip \u2013 Au Jaaaa!! Wohin? Hmmmm? Norwegen!? \u2013 HAMMER!!!!! &nbsp; Freitag 10.8.12 gings dann, nach gr\u00fcndlicher Planung und vollgepackt los. Zwar mit ordentlich Versp\u00e4tung, da die Elektronik der Anh\u00e4ngerkupplung repariert werden wollte \u2013 Dauerplus ham wir immer noch ned gefunden! Im Auto 4 Erwachsene, 1 Kind, 4 DH Bikes. Im Wohnwagen [&hellip;]<\/p>\n","protected":false},"author":1,"featured_media":0,"parent":0,"menu_order":0,"comment_status":"open","ping_status":"open","template":"","meta":{"footnotes":""},"class_list":["post-429","page","type-page","status-publish","hentry"],"_links":{"self":[{"href":"https:\/\/ds-crew.de\/index.php?rest_route=\/wp\/v2\/pages\/429","targetHints":{"allow":["GET"]}}],"collection":[{"href":"https:\/\/ds-crew.de\/index.php?rest_route=\/wp\/v2\/pages"}],"about":[{"href":"https:\/\/ds-crew.de\/index.php?rest_route=\/wp\/v2\/types\/page"}],"author":[{"embeddable":true,"href":"https:\/\/ds-crew.de\/index.php?rest_route=\/wp\/v2\/users\/1"}],"replies":[{"embeddable":true,"href":"https:\/\/ds-crew.de\/index.php?rest_route=%2Fwp%2Fv2%2Fcomments&post=429"}],"version-history":[{"count":11,"href":"https:\/\/ds-crew.de\/index.php?rest_route=\/wp\/v2\/pages\/429\/revisions"}],"predecessor-version":[{"id":543,"href":"https:\/\/ds-crew.de\/index.php?rest_route=\/wp\/v2\/pages\/429\/revisions\/543"}],"wp:attachment":[{"href":"https:\/\/ds-crew.de\/index.php?rest_route=%2Fwp%2Fv2%2Fmedia&parent=429"}],"curies":[{"name":"wp","href":"https:\/\/api.w.org\/{rel}","templated":true}]}}