{"id":104,"date":"2011-09-22T19:21:03","date_gmt":"2011-09-22T19:21:03","guid":{"rendered":"http:\/\/www.ds-crew.de\/?page_id=104"},"modified":"2015-07-14T14:34:47","modified_gmt":"2015-07-14T14:34:47","slug":"hot-spots","status":"publish","type":"page","link":"https:\/\/ds-crew.de\/?page_id=104","title":{"rendered":"Hot Spots"},"content":{"rendered":"<p><span style=\"color: #ff6600;\"><strong>Samerberg &#8211; Hochries<\/strong>:<\/span><br \/>\n<iframe loading=\"lazy\" src=\"http:\/\/maps.google.de\/maps?f=q&amp;source=s_q&amp;hl=de&amp;geocode=&amp;q=Bikepark-Samerberg+GmbH,+Samerberg&amp;aq=0&amp;sll=51.151786,10.415039&amp;sspn=22.009492,57.084961&amp;vpsrc=1&amp;ie=UTF8&amp;hq=Bikepark-Samerberg+GmbH,&amp;hnear=Samerberg,+Rosenheim,+Bayern&amp;t=m&amp;ll=47.770999,12.236787&amp;spn=0.011634,0.100412&amp;output=embed\" frameborder=\"0\" marginwidth=\"0\" marginheight=\"0\" scrolling=\"no\" width=\"425\" height=\"350\"><\/iframe><br \/>\n<small><a style=\"color: #0000ff; text-align: left;\" href=\"http:\/\/maps.google.de\/maps?f=q&amp;source=embed&amp;hl=de&amp;geocode=&amp;q=Bikepark-Samerberg+GmbH,+Samerberg&amp;aq=0&amp;sll=51.151786,10.415039&amp;sspn=22.009492,57.084961&amp;vpsrc=1&amp;ie=UTF8&amp;hq=Bikepark-Samerberg+GmbH,&amp;hnear=Samerberg,+Rosenheim,+Bayern&amp;t=m&amp;ll=47.770999,12.236787&amp;spn=0.011634,0.100412\">Gr\u00f6\u00dfere Kartenansicht<\/a><\/small><\/p>\n<p>&nbsp;<\/p>\n<p>&nbsp;<\/p>\n<p>&nbsp;<\/p>\n<p>&nbsp;<\/p>\n<p>&nbsp;<\/p>\n<p><span style=\"color: #ff6600;\"><strong>LEOGANG:<\/strong><\/span><br \/>\n<iframe loading=\"lazy\" src=\"http:\/\/maps.google.de\/maps?hl=de&amp;q=leogang&amp;ie=UTF8&amp;hq=&amp;hnear=Leogang,+Zell+am+See,+Salzburg,+%C3%96sterreich&amp;t=m&amp;z=14&amp;vpsrc=0&amp;ll=47.43961,12.76241&amp;output=embed\" frameborder=\"0\" marginwidth=\"0\" marginheight=\"0\" scrolling=\"no\" width=\"425\" height=\"350\"><\/iframe><br \/>\n<small><a style=\"color: #0000ff; text-align: left;\" href=\"http:\/\/maps.google.de\/maps?hl=de&amp;q=leogang&amp;ie=UTF8&amp;hq=&amp;hnear=Leogang,+Zell+am+See,+Salzburg,+%C3%96sterreich&amp;t=m&amp;z=14&amp;vpsrc=0&amp;ll=47.43961,12.76241&amp;source=embed\">Gr\u00f6\u00dfere Kartenansicht<\/a><\/small><br \/>\n<span style=\"color: #ff6600;\"><strong>Bischofsmais:<\/strong><\/span><\/p>\n<p>&nbsp;<\/p>\n<p><iframe loading=\"lazy\" src=\"http:\/\/maps.google.de\/maps?f=q&amp;source=s_q&amp;hl=de&amp;geocode=&amp;q=bischofsmais&amp;aq=&amp;sll=47.43961,12.76241&amp;sspn=0.04621,0.111494&amp;vpsrc=6&amp;g=leogang&amp;ie=UTF8&amp;hq=&amp;hnear=Bischofsmais,+Regen,+Bayern&amp;ll=48.918198,13.081717&amp;spn=0.022448,0.055747&amp;t=m&amp;z=14&amp;output=embed\" frameborder=\"0\" marginwidth=\"0\" marginheight=\"0\" scrolling=\"no\" width=\"425\" height=\"350\"><\/iframe><br \/>\n<small><a style=\"color: #0000ff; text-align: left;\" href=\"http:\/\/maps.google.de\/maps?f=q&amp;source=embed&amp;hl=de&amp;geocode=&amp;q=bischofsmais&amp;aq=&amp;sll=47.43961,12.76241&amp;sspn=0.04621,0.111494&amp;vpsrc=6&amp;g=leogang&amp;ie=UTF8&amp;hq=&amp;hnear=Bischofsmais,+Regen,+Bayern&amp;ll=48.918198,13.081717&amp;spn=0.022448,0.055747&amp;t=m&amp;z=14\">Gr\u00f6\u00dfere Kartenansicht<\/a><\/small><em><\/em><\/p>\n","protected":false},"excerpt":{"rendered":"<p>Samerberg &#8211; Hochries: Gr\u00f6\u00dfere Kartenansicht &nbsp; &nbsp; &nbsp; &nbsp; &nbsp; LEOGANG: Gr\u00f6\u00dfere Kartenansicht Bischofsmais: &nbsp; Gr\u00f6\u00dfere Kartenansicht<\/p>\n","protected":false},"author":1,"featured_media":0,"parent":0,"menu_order":0,"comment_status":"open","ping_status":"open","template":"","meta":{"footnotes":""},"class_list":["post-104","page","type-page","status-publish","hentry"],"_links":{"self":[{"href":"https:\/\/ds-crew.de\/index.php?rest_route=\/wp\/v2\/pages\/104","targetHints":{"allow":["GET"]}}],"collection":[{"href":"https:\/\/ds-crew.de\/index.php?rest_route=\/wp\/v2\/pages"}],"about":[{"href":"https:\/\/ds-crew.de\/index.php?rest_route=\/wp\/v2\/types\/page"}],"author":[{"embeddable":true,"href":"https:\/\/ds-crew.de\/index.php?rest_route=\/wp\/v2\/users\/1"}],"replies":[{"embeddable":true,"href":"https:\/\/ds-crew.de\/index.php?rest_route=%2Fwp%2Fv2%2Fcomments&post=104"}],"version-history":[{"count":8,"href":"https:\/\/ds-crew.de\/index.php?rest_route=\/wp\/v2\/pages\/104\/revisions"}],"predecessor-version":[{"id":541,"href":"https:\/\/ds-crew.de\/index.php?rest_route=\/wp\/v2\/pages\/104\/revisions\/541"}],"wp:attachment":[{"href":"https:\/\/ds-crew.de\/index.php?rest_route=%2Fwp%2Fv2%2Fmedia&parent=104"}],"curies":[{"name":"wp","href":"https:\/\/api.w.org\/{rel}","templated":true}]}}